{"id":9099,"date":"2021-09-23T17:03:16","date_gmt":"2021-09-23T21:03:16","guid":{"rendered":"https:\/\/spanaturalcenter.com\/book-appointment\/"},"modified":"2024-12-28T12:43:57","modified_gmt":"2024-12-28T16:43:57","slug":"book-appointment","status":"publish","type":"page","link":"https:\/\/spanaturalcenter.com\/en\/book-appointment\/","title":{"rendered":"Book Appointment"},"content":{"rendered":"\t\t<div data-elementor-type=\"wp-page\" data-elementor-id=\"9099\" class=\"elementor elementor-9099 elementor-3462\">\n\t\t\t\t\t\t<section class=\"elementor-section elementor-top-section elementor-element elementor-element-3d99146 elementor-section-full_width elementor-section-height-default elementor-section-height-default\" data-id=\"3d99146\" data-element_type=\"section\" data-e-type=\"section\">\n\t\t\t\t\t\t<div class=\"elementor-container elementor-column-gap-default\">\n\t\t\t\t\t<div class=\"elementor-column elementor-col-100 elementor-top-column elementor-element elementor-element-a5e2d97\" data-id=\"a5e2d97\" data-element_type=\"column\" data-e-type=\"column\">\n\t\t\t<div class=\"elementor-widget-wrap elementor-element-populated\">\n\t\t\t\t\t\t<div class=\"elementor-element elementor-element-576ba39 elementor-widget elementor-widget-art-ordinary-page-header\" data-id=\"576ba39\" data-element_type=\"widget\" data-e-type=\"widget\" data-widget_type=\"art-ordinary-page-header.default\">\n\t\t\t\t<div class=\"elementor-widget-container\">\n\t\t\t\t\t\r\n\t\t<div class=\"art-ordinary-page-header\" style=\"background-image:url(https:\/\/spanaturalcenter.com\/wp-content\/uploads\/2024\/10\/Spa-Wellness-Masage.png)\">\r\n\r\n\t\t\t<div class=\"container\">\r\n\r\n\t\t\t\t<div class=\"art-ordinary-page-data\" style=\"text-align:center\">\r\n\r\n\t\t\t\t\t<h1 class=\"art-page-header-title\"> Book Appointment<\/h1>\r\n\r\n                                            <div class=\"art-page-header-description\">\r\n                            <p>Book your wellness experience with us and begin your journey towards balance and renewal<\/p>                        <\/div>\r\n                    \r\n\t\t\t\t<\/div>\r\n\r\n\t\t\t<\/div>\r\n\r\n\t\t<\/div>\r\n\r\n\t\t\t\t\t\t<\/div>\n\t\t\t\t<\/div>\n\t\t\t\t\t<\/div>\n\t\t<\/div>\n\t\t\t\t\t<\/div>\n\t\t<\/section>\n\t\t\t\t<section class=\"elementor-section elementor-top-section elementor-element elementor-element-fed53e3 elementor-section-boxed elementor-section-height-default elementor-section-height-default\" data-id=\"fed53e3\" data-element_type=\"section\" data-e-type=\"section\">\n\t\t\t\t\t\t<div class=\"elementor-container elementor-column-gap-default\">\n\t\t\t\t\t<div class=\"elementor-column elementor-col-66 elementor-top-column elementor-element elementor-element-2b0f40c\" data-id=\"2b0f40c\" data-element_type=\"column\" data-e-type=\"column\">\n\t\t\t<div class=\"elementor-widget-wrap elementor-element-populated\">\n\t\t\t\t\t\t<div class=\"elementor-element elementor-element-fe980c5 elementor-widget elementor-widget-shortcode\" data-id=\"fe980c5\" data-element_type=\"widget\" data-e-type=\"widget\" data-widget_type=\"shortcode.default\">\n\t\t\t\t<div class=\"elementor-widget-container\">\n\t\t\t\t\t\t\t<div class=\"elementor-shortcode\">\n<script>\n  if (typeof hasAmeliaEntitiesApiCall === 'undefined' && ('' === '' && '' !== '1')) {\n    var hasAmeliaEntitiesApiCall = true;\n  }\n  var ameliaShortcodeData = (typeof ameliaShortcodeData === 'undefined') ? [] : ameliaShortcodeData;\n  ameliaShortcodeData.push(\n    {\n      'hasApiCall': (typeof hasAmeliaEntitiesApiCall !== 'undefined') && hasAmeliaEntitiesApiCall,\n      'trigger': '',\n      'trigger_type': '',\n      'triggered_form': 'sbsNew',\n      'in_dialog': '',\n      'show': '',\n      'counter': '1000',\n      'category': '',\n      'service': '',\n      'employee': '',\n      'location': '',\n      'package': '',\n      'layout': '',\n    }\n  );\n\n  var ameliaShortcodeDataTriggered = (typeof ameliaShortcodeDataTriggered === 'undefined') ? [] : ameliaShortcodeDataTriggered;\n  if (ameliaShortcodeData[ameliaShortcodeData.length - 1].trigger !== '') {\n    if (ameliaShortcodeDataTriggered.filter(a => a.counter === ameliaShortcodeData[ameliaShortcodeData.length - 1].counter).length === 0) {\n      ameliaShortcodeDataTriggered.push(ameliaShortcodeData.pop());\n    } else {\n      ameliaShortcodeData.pop()\n    }\n  }\n  if (typeof hasAmeliaEntitiesApiCall !== 'undefined' && hasAmeliaEntitiesApiCall) {\n    hasAmeliaEntitiesApiCall = false;\n  }\n<\/script>\n\n<div\n  id=\"amelia-v2-booking-1000\"\n  class=\"amelia-v2-booking\"\n >\n    <step-form-wrapper><\/step-form-wrapper><\/div>\n<\/div>\n\t\t\t\t\t\t<\/div>\n\t\t\t\t<\/div>\n\t\t\t\t\t<\/div>\n\t\t<\/div>\n\t\t\t\t<div class=\"elementor-column elementor-col-33 elementor-top-column elementor-element elementor-element-b4788ec\" data-id=\"b4788ec\" data-element_type=\"column\" data-e-type=\"column\">\n\t\t\t<div class=\"elementor-widget-wrap elementor-element-populated\">\n\t\t\t\t\t\t<div class=\"elementor-element elementor-element-356074f elementor-widget elementor-widget-contact-info-vertical\" data-id=\"356074f\" data-element_type=\"widget\" data-e-type=\"widget\" data-widget_type=\"contact-info-vertical.default\">\n\t\t\t\t<div class=\"elementor-widget-container\">\n\t\t\t\t\t\r\n            <div class=\"art-contact-info-widget art-vertical\">\r\n                                    <div class=\"col-12 art-item\">\r\n                        <div class=\"art-icon\"><svg xmlns=\"http:\/\/www.w3.org\/2000\/svg\" width=\"48\" height=\"48\" viewBox=\"0 0 48 48\" fill=\"none\"><rect x=\"11.5\" y=\"2.5\" width=\"24\" height=\"43\" rx=\"1.5\" fill=\"#E5EEF0\" stroke=\"black\"><\/rect><rect x=\"20\" y=\"7\" width=\"7\" height=\"1\" fill=\"black\"><\/rect><circle cx=\"23.5\" cy=\"39.5\" r=\"1.5\" fill=\"black\"><\/circle><\/svg><\/div>\r\n                        <h6 class=\"art-title\">Contact<\/h6>\r\n                        <div class=\"art-description art-body-two-font\">WhatsApp: <a href=\"https:\/\/wa.me\/18098499011\">+1 (809) 849 9011<\/a>\n<br>T: +1 (809) 210 3150\n<br><a href=\"mailto:info@spanaturalcenter.com\">info@spanaturalcenter.com<\/a><\/div>\r\n                    <\/div>\r\n                                    <div class=\"col-12 art-item\">\r\n                        <div class=\"art-icon\"><svg xmlns=\"http:\/\/www.w3.org\/2000\/svg\" width=\"48\" height=\"48\" viewBox=\"0 0 48 48\" fill=\"none\"><circle cx=\"24.5\" cy=\"24.5\" r=\"19\" fill=\"#E5EEF0\" stroke=\"black\"><\/circle><path d=\"M24 12.5V25.5L30 31.5\" stroke=\"black\"><\/path><\/svg><\/div>\r\n                        <h6 class=\"art-title\">Hours<\/h6>\r\n                        <div class=\"art-description art-body-two-font\">Mon to Fri: 9:00 am \u2014 5:00 pm\n<br>Sat: 9:00 am \u2014 5:00 pm\n<br>Sun: 9:00 am \u2014 5:00 pm<\/div>\r\n                    <\/div>\r\n                                    <div class=\"col-12 art-item\">\r\n                        <div class=\"art-icon\"><svg xmlns=\"http:\/\/www.w3.org\/2000\/svg\" width=\"48\" height=\"48\" viewBox=\"0 0 48 48\" fill=\"none\"><path d=\"M39.5 18.5C39.5 22.9086 37.6893 26.8697 34.714 31.1637C32.7635 33.9788 30.3434 36.8965 27.6388 40.1573C26.3183 41.7493 24.93 43.4232 23.4953 45.2068C22.2962 43.7506 21.1349 42.3668 20.022 41.0407C16.9832 37.4197 14.3051 34.2285 12.2027 31.1656C9.2574 26.8745 7.5 22.9121 7.5 18.5C7.5 9.66344 14.6634 2.5 23.5 2.5C32.3366 2.5 39.5 9.66344 39.5 18.5Z\" fill=\"#E5EEF0\" stroke=\"black\"><\/path><circle cx=\"23.5\" cy=\"17.5\" r=\"6\" fill=\"white\" stroke=\"black\"><\/circle><\/svg><\/div>\r\n                        <h6 class=\"art-title\">Address<\/h6>\r\n                        <div class=\"art-description art-body-two-font\">Los Corales\n<br>Punta Cana\n<br>Dominican Republic<\/div>\r\n                    <\/div>\r\n                            <\/div>\r\n\r\n        \t\t\t\t<\/div>\n\t\t\t\t<\/div>\n\t\t\t\t\t<\/div>\n\t\t<\/div>\n\t\t\t\t\t<\/div>\n\t\t<\/section>\n\t\t\t\t<\/div>\n\t\t","protected":false},"excerpt":{"rendered":"","protected":false},"author":1,"featured_media":0,"parent":0,"menu_order":0,"comment_status":"closed","ping_status":"closed","template":"elementor-template.php","meta":{"_acf_changed":false,"inline_featured_image":false,"footnotes":""},"class_list":["post-9099","page","type-page","status-publish","hentry"],"acf":[],"yoast_head":"<!-- This site is optimized with the Yoast SEO plugin v27.5 - https:\/\/yoast.com\/product\/yoast-seo-wordpress\/ -->\n<title>Book Appointment - Spa Natural Center by Flavio Acu\u00f1a<\/title>\n<meta name=\"robots\" content=\"index, follow, max-snippet:-1, max-image-preview:large, max-video-preview:-1\" \/>\n<link rel=\"canonical\" href=\"https:\/\/spanaturalcenter.com\/en\/book-appointment\/\" \/>\n<meta property=\"og:locale\" content=\"en_US\" \/>\n<meta property=\"og:type\" content=\"article\" \/>\n<meta property=\"og:title\" content=\"Book Appointment - Spa Natural Center by Flavio Acu\u00f1a\" \/>\n<meta property=\"og:url\" content=\"https:\/\/spanaturalcenter.com\/en\/book-appointment\/\" \/>\n<meta property=\"og:site_name\" content=\"Spa Natural Center by Flavio Acu\u00f1a\" \/>\n<meta property=\"article:publisher\" content=\"https:\/\/www.facebook.com\/NaturalCenterSpa\" \/>\n<meta property=\"article:modified_time\" content=\"2024-12-28T16:43:57+00:00\" \/>\n<meta name=\"twitter:card\" content=\"summary_large_image\" \/>\n<meta name=\"twitter:label1\" content=\"Est. reading time\" \/>\n\t<meta name=\"twitter:data1\" content=\"1 minute\" \/>\n<script type=\"application\/ld+json\" class=\"yoast-schema-graph\">{\"@context\":\"https:\\\/\\\/schema.org\",\"@graph\":[{\"@type\":\"WebPage\",\"@id\":\"https:\\\/\\\/spanaturalcenter.com\\\/en\\\/book-appointment\\\/\",\"url\":\"https:\\\/\\\/spanaturalcenter.com\\\/en\\\/book-appointment\\\/\",\"name\":\"Book Appointment - Spa Natural Center by Flavio Acu\u00f1a\",\"isPartOf\":{\"@id\":\"https:\\\/\\\/spanaturalcenter.com\\\/en\\\/#website\"},\"datePublished\":\"2021-09-23T21:03:16+00:00\",\"dateModified\":\"2024-12-28T16:43:57+00:00\",\"breadcrumb\":{\"@id\":\"https:\\\/\\\/spanaturalcenter.com\\\/en\\\/book-appointment\\\/#breadcrumb\"},\"inLanguage\":\"en-US\",\"potentialAction\":[{\"@type\":\"ReadAction\",\"target\":[\"https:\\\/\\\/spanaturalcenter.com\\\/en\\\/book-appointment\\\/\"]}]},{\"@type\":\"BreadcrumbList\",\"@id\":\"https:\\\/\\\/spanaturalcenter.com\\\/en\\\/book-appointment\\\/#breadcrumb\",\"itemListElement\":[{\"@type\":\"ListItem\",\"position\":1,\"name\":\"Home\",\"item\":\"https:\\\/\\\/spanaturalcenter.com\\\/en\\\/homepage\\\/\"},{\"@type\":\"ListItem\",\"position\":2,\"name\":\"Book Appointment\"}]},{\"@type\":\"WebSite\",\"@id\":\"https:\\\/\\\/spanaturalcenter.com\\\/en\\\/#website\",\"url\":\"https:\\\/\\\/spanaturalcenter.com\\\/en\\\/\",\"name\":\"Spa Natural Center Punta Cana by Flavio Acuna\",\"description\":\"Disfruta de una experiencia \u00fanica en Spa Natural Center by Flavio Acu\u00f1a en la espectacular Bavaro Beach, Punta Cana. Rel\u00e1jate con nuestros tratamientos exclusivos de bienestar.\",\"publisher\":{\"@id\":\"https:\\\/\\\/spanaturalcenter.com\\\/en\\\/#organization\"},\"potentialAction\":[{\"@type\":\"SearchAction\",\"target\":{\"@type\":\"EntryPoint\",\"urlTemplate\":\"https:\\\/\\\/spanaturalcenter.com\\\/en\\\/?s={search_term_string}\"},\"query-input\":{\"@type\":\"PropertyValueSpecification\",\"valueRequired\":true,\"valueName\":\"search_term_string\"}}],\"inLanguage\":\"en-US\"},{\"@type\":\"Organization\",\"@id\":\"https:\\\/\\\/spanaturalcenter.com\\\/en\\\/#organization\",\"name\":\"Spa Natural Center Punta Cana by Flavio Acuna\",\"url\":\"https:\\\/\\\/spanaturalcenter.com\\\/en\\\/\",\"logo\":{\"@type\":\"ImageObject\",\"inLanguage\":\"en-US\",\"@id\":\"https:\\\/\\\/spanaturalcenter.com\\\/en\\\/#\\\/schema\\\/logo\\\/image\\\/\",\"url\":\"https:\\\/\\\/spanaturalcenter.com\\\/wp-content\\\/uploads\\\/2024\\\/10\\\/cropped-Untitled-design24.png\",\"contentUrl\":\"https:\\\/\\\/spanaturalcenter.com\\\/wp-content\\\/uploads\\\/2024\\\/10\\\/cropped-Untitled-design24.png\",\"width\":512,\"height\":512,\"caption\":\"Spa Natural Center Punta Cana by Flavio Acuna\"},\"image\":{\"@id\":\"https:\\\/\\\/spanaturalcenter.com\\\/en\\\/#\\\/schema\\\/logo\\\/image\\\/\"},\"sameAs\":[\"https:\\\/\\\/www.facebook.com\\\/NaturalCenterSpa\",\"https:\\\/\\\/www.instagram.com\\\/spa.naturalcenter\\\/\"]}]}<\/script>\n<!-- \/ Yoast SEO plugin. -->","yoast_head_json":{"title":"Book Appointment - Spa Natural Center by Flavio Acu\u00f1a","robots":{"index":"index","follow":"follow","max-snippet":"max-snippet:-1","max-image-preview":"max-image-preview:large","max-video-preview":"max-video-preview:-1"},"canonical":"https:\/\/spanaturalcenter.com\/en\/book-appointment\/","og_locale":"en_US","og_type":"article","og_title":"Book Appointment - Spa Natural Center by Flavio Acu\u00f1a","og_url":"https:\/\/spanaturalcenter.com\/en\/book-appointment\/","og_site_name":"Spa Natural Center by Flavio Acu\u00f1a","article_publisher":"https:\/\/www.facebook.com\/NaturalCenterSpa","article_modified_time":"2024-12-28T16:43:57+00:00","twitter_card":"summary_large_image","twitter_misc":{"Est. reading time":"1 minute"},"schema":{"@context":"https:\/\/schema.org","@graph":[{"@type":"WebPage","@id":"https:\/\/spanaturalcenter.com\/en\/book-appointment\/","url":"https:\/\/spanaturalcenter.com\/en\/book-appointment\/","name":"Book Appointment - Spa Natural Center by Flavio Acu\u00f1a","isPartOf":{"@id":"https:\/\/spanaturalcenter.com\/en\/#website"},"datePublished":"2021-09-23T21:03:16+00:00","dateModified":"2024-12-28T16:43:57+00:00","breadcrumb":{"@id":"https:\/\/spanaturalcenter.com\/en\/book-appointment\/#breadcrumb"},"inLanguage":"en-US","potentialAction":[{"@type":"ReadAction","target":["https:\/\/spanaturalcenter.com\/en\/book-appointment\/"]}]},{"@type":"BreadcrumbList","@id":"https:\/\/spanaturalcenter.com\/en\/book-appointment\/#breadcrumb","itemListElement":[{"@type":"ListItem","position":1,"name":"Home","item":"https:\/\/spanaturalcenter.com\/en\/homepage\/"},{"@type":"ListItem","position":2,"name":"Book Appointment"}]},{"@type":"WebSite","@id":"https:\/\/spanaturalcenter.com\/en\/#website","url":"https:\/\/spanaturalcenter.com\/en\/","name":"Spa Natural Center Punta Cana by Flavio Acuna","description":"Disfruta de una experiencia \u00fanica en Spa Natural Center by Flavio Acu\u00f1a en la espectacular Bavaro Beach, Punta Cana. Rel\u00e1jate con nuestros tratamientos exclusivos de bienestar.","publisher":{"@id":"https:\/\/spanaturalcenter.com\/en\/#organization"},"potentialAction":[{"@type":"SearchAction","target":{"@type":"EntryPoint","urlTemplate":"https:\/\/spanaturalcenter.com\/en\/?s={search_term_string}"},"query-input":{"@type":"PropertyValueSpecification","valueRequired":true,"valueName":"search_term_string"}}],"inLanguage":"en-US"},{"@type":"Organization","@id":"https:\/\/spanaturalcenter.com\/en\/#organization","name":"Spa Natural Center Punta Cana by Flavio Acuna","url":"https:\/\/spanaturalcenter.com\/en\/","logo":{"@type":"ImageObject","inLanguage":"en-US","@id":"https:\/\/spanaturalcenter.com\/en\/#\/schema\/logo\/image\/","url":"https:\/\/spanaturalcenter.com\/wp-content\/uploads\/2024\/10\/cropped-Untitled-design24.png","contentUrl":"https:\/\/spanaturalcenter.com\/wp-content\/uploads\/2024\/10\/cropped-Untitled-design24.png","width":512,"height":512,"caption":"Spa Natural Center Punta Cana by Flavio Acuna"},"image":{"@id":"https:\/\/spanaturalcenter.com\/en\/#\/schema\/logo\/image\/"},"sameAs":["https:\/\/www.facebook.com\/NaturalCenterSpa","https:\/\/www.instagram.com\/spa.naturalcenter\/"]}]}},"_links":{"self":[{"href":"https:\/\/spanaturalcenter.com\/en\/wp-json\/wp\/v2\/pages\/9099","targetHints":{"allow":["GET"]}}],"collection":[{"href":"https:\/\/spanaturalcenter.com\/en\/wp-json\/wp\/v2\/pages"}],"about":[{"href":"https:\/\/spanaturalcenter.com\/en\/wp-json\/wp\/v2\/types\/page"}],"author":[{"embeddable":true,"href":"https:\/\/spanaturalcenter.com\/en\/wp-json\/wp\/v2\/users\/1"}],"replies":[{"embeddable":true,"href":"https:\/\/spanaturalcenter.com\/en\/wp-json\/wp\/v2\/comments?post=9099"}],"version-history":[{"count":31,"href":"https:\/\/spanaturalcenter.com\/en\/wp-json\/wp\/v2\/pages\/9099\/revisions"}],"predecessor-version":[{"id":10738,"href":"https:\/\/spanaturalcenter.com\/en\/wp-json\/wp\/v2\/pages\/9099\/revisions\/10738"}],"wp:attachment":[{"href":"https:\/\/spanaturalcenter.com\/en\/wp-json\/wp\/v2\/media?parent=9099"}],"curies":[{"name":"wp","href":"https:\/\/api.w.org\/{rel}","templated":true}]}}