{"id":9687,"date":"2024-10-09T19:03:39","date_gmt":"2024-10-09T23:03:39","guid":{"rendered":"https:\/\/spanaturalcenter.com\/cookie-policy\/"},"modified":"2024-11-24T18:23:41","modified_gmt":"2024-11-24T22:23:41","slug":"cookie-policy","status":"publish","type":"page","link":"https:\/\/spanaturalcenter.com\/en\/cookie-policy\/","title":{"rendered":"Cookie Policy"},"content":{"rendered":"\t\t<div data-elementor-type=\"wp-page\" data-elementor-id=\"9687\" class=\"elementor elementor-9687 elementor-4515\">\n\t\t\t\t\t\t<section class=\"elementor-section elementor-top-section elementor-element elementor-element-78262ab elementor-section-full_width elementor-section-height-default elementor-section-height-default\" data-id=\"78262ab\" data-element_type=\"section\" data-e-type=\"section\">\n\t\t\t\t\t\t<div class=\"elementor-container elementor-column-gap-default\">\n\t\t\t\t\t<div class=\"elementor-column elementor-col-100 elementor-top-column elementor-element elementor-element-4d536b2\" data-id=\"4d536b2\" data-element_type=\"column\" data-e-type=\"column\">\n\t\t\t<div class=\"elementor-widget-wrap elementor-element-populated\">\n\t\t\t\t\t\t<div class=\"elementor-element elementor-element-6d47e0b elementor-widget elementor-widget-art-ordinary-page-header\" data-id=\"6d47e0b\" data-element_type=\"widget\" data-e-type=\"widget\" data-widget_type=\"art-ordinary-page-header.default\">\n\t\t\t\t<div class=\"elementor-widget-container\">\n\t\t\t\t\t\r\n\t\t<div class=\"art-ordinary-page-header\" style=\"background-image:url(https:\/\/spanaturalcenter.com\/wp-content\/uploads\/2024\/10\/Spa-Wellness-Masage.png)\">\r\n\r\n\t\t\t<div class=\"container\">\r\n\r\n\t\t\t\t<div class=\"art-ordinary-page-data\" style=\"text-align:center\">\r\n\r\n\t\t\t\t\t<h1 class=\"art-page-header-title\">Cookies Policy<\/h1>\r\n\r\n                                            <div class=\"art-page-header-description\">\r\n                            <p>Information about the use of cookies on the Spa Natural Center website to enhance user experience and collect browsing data<\/p>                        <\/div>\r\n                    \r\n\t\t\t\t<\/div>\r\n\r\n\t\t\t<\/div>\r\n\r\n\t\t<\/div>\r\n\r\n\t\t\t\t\t\t<\/div>\n\t\t\t\t<\/div>\n\t\t\t\t\t<\/div>\n\t\t<\/div>\n\t\t\t\t\t<\/div>\n\t\t<\/section>\n\t\t\t\t<section class=\"elementor-section elementor-top-section elementor-element elementor-element-6115c51 elementor-section-boxed elementor-section-height-default elementor-section-height-default\" data-id=\"6115c51\" data-element_type=\"section\" data-e-type=\"section\">\n\t\t\t\t\t\t<div class=\"elementor-container elementor-column-gap-default\">\n\t\t\t\t\t<div class=\"elementor-column elementor-col-100 elementor-top-column elementor-element elementor-element-b02432a\" data-id=\"b02432a\" data-element_type=\"column\" data-e-type=\"column\">\n\t\t\t<div class=\"elementor-widget-wrap elementor-element-populated\">\n\t\t\t\t\t\t<div class=\"elementor-element elementor-element-b9ed0ed elementor-widget elementor-widget-heading\" data-id=\"b9ed0ed\" data-element_type=\"widget\" data-e-type=\"widget\" data-widget_type=\"heading.default\">\n\t\t\t\t<div class=\"elementor-widget-container\">\n\t\t\t\t\t<h6 class=\"elementor-heading-title elementor-size-default\">Last updated: October 5, 2024\n<\/h6>\t\t\t\t<\/div>\n\t\t\t\t<\/div>\n\t\t\t\t<div class=\"elementor-element elementor-element-440e6a9 elementor-widget elementor-widget-text-editor\" data-id=\"440e6a9\" data-element_type=\"widget\" data-e-type=\"widget\" data-widget_type=\"text-editor.default\">\n\t\t\t\t<div class=\"elementor-widget-container\">\n\t\t\t\t\t\t\t\t\t<p>At Flavio Acu\u00f1a Spa Natural Center, S.R.L, (hereinafter referred to as \u201cthe Spa\u201d), we use cookies and similar technologies to enhance our users\u2019 experience on the website and ensure that services function efficiently. This Cookie Policy explains what cookies are, how we use them, and how you can manage them.<\/p>\t\t\t\t\t\t\t\t<\/div>\n\t\t\t\t<\/div>\n\t\t\t\t<div class=\"elementor-element elementor-element-5cac1f6 elementor-widget elementor-widget-heading\" data-id=\"5cac1f6\" data-element_type=\"widget\" data-e-type=\"widget\" data-widget_type=\"heading.default\">\n\t\t\t\t<div class=\"elementor-widget-container\">\n\t\t\t\t\t<h6 class=\"elementor-heading-title elementor-size-default\">What are Cookies?\n<\/h6>\t\t\t\t<\/div>\n\t\t\t\t<\/div>\n\t\t\t\t<div class=\"elementor-element elementor-element-1d73ed0 elementor-widget elementor-widget-text-editor\" data-id=\"1d73ed0\" data-element_type=\"widget\" data-e-type=\"widget\" data-widget_type=\"text-editor.default\">\n\t\t\t\t<div class=\"elementor-widget-container\">\n\t\t\t\t\t\t\t\t\t<p>Cookies are small text files stored on your device (computer, tablet, or mobile) when you visit a website. These files allow the website to remember your preferences (such as language or login details) and track your activity on the site, enhancing functionality and service personalization.<\/p>\n\t\t\t\t\t\t\t\t<\/div>\n\t\t\t\t<\/div>\n\t\t\t\t<div class=\"elementor-element elementor-element-6e47197 elementor-widget elementor-widget-heading\" data-id=\"6e47197\" data-element_type=\"widget\" data-e-type=\"widget\" data-widget_type=\"heading.default\">\n\t\t\t\t<div class=\"elementor-widget-container\">\n\t\t\t\t\t<h6 class=\"elementor-heading-title elementor-size-default\">Types of Cookies We Use\n<\/h6>\t\t\t\t<\/div>\n\t\t\t\t<\/div>\n\t\t\t\t<div class=\"elementor-element elementor-element-ecfbd10 elementor-widget elementor-widget-text-editor\" data-id=\"ecfbd10\" data-element_type=\"widget\" data-e-type=\"widget\" data-widget_type=\"text-editor.default\">\n\t\t\t\t<div class=\"elementor-widget-container\">\n\t\t\t\t\t\t\t\t\t<p>On our website, we use the following categories of cookies:<\/p>\n<ul>\n<li><strong>Strictly Necessary Cookies:<\/strong> These cookies are essential for the proper functioning of the website and cannot be disabled in our systems. They enable basic functionalities such as security and navigation. Without them, the website would not function properly.<\/li>\n<li><strong>Functional Cookies:<\/strong> They allow us to remember your preferences and enhance your experience when using our website (for example, remembering your preferred language or if you have logged in previously).<\/li>\n<li><strong>Analytics Cookies:<\/strong> These cookies collect anonymous information about how visitors use our website, allowing us to improve the performance and structure of our pages. We use these cookies to understand user behavior and improve our services.<\/li>\n<li><strong>Publicidad Cookies:<\/strong> These cookies are used to display ads that are relevant to you and your interests. They also allow you to limit the number of times you see an ad and measure the effectiveness of advertising campaigns.<\/li>\n<\/ul>\n\t\t\t\t\t\t\t\t<\/div>\n\t\t\t\t<\/div>\n\t\t\t\t<div class=\"elementor-element elementor-element-023ec52 elementor-widget elementor-widget-heading\" data-id=\"023ec52\" data-element_type=\"widget\" data-e-type=\"widget\" data-widget_type=\"heading.default\">\n\t\t\t\t<div class=\"elementor-widget-container\">\n\t\t\t\t\t<h6 class=\"elementor-heading-title elementor-size-default\">Third-Party Cookies\n<\/h6>\t\t\t\t<\/div>\n\t\t\t\t<\/div>\n\t\t\t\t<div class=\"elementor-element elementor-element-1b18fc1 elementor-widget elementor-widget-text-editor\" data-id=\"1b18fc1\" data-element_type=\"widget\" data-e-type=\"widget\" data-widget_type=\"text-editor.default\">\n\t\t\t\t<div class=\"elementor-widget-container\">\n\t\t\t\t\t\t\t\t\t<p>Some of the cookies on our site may be placed by third parties. These third parties (such as analytics or advertising providers) collect information anonymously to provide statistics or display personalized ads to you. Examples of these technologies include <strong>Google Analytics<\/strong> cookies or social media platforms.<\/p>\n\t\t\t\t\t\t\t\t<\/div>\n\t\t\t\t<\/div>\n\t\t\t\t<div class=\"elementor-element elementor-element-a33b22c elementor-widget elementor-widget-heading\" data-id=\"a33b22c\" data-element_type=\"widget\" data-e-type=\"widget\" data-widget_type=\"heading.default\">\n\t\t\t\t<div class=\"elementor-widget-container\">\n\t\t\t\t\t<h6 class=\"elementor-heading-title elementor-size-default\">Cookie Management and Deactivation\n\n<\/h6>\t\t\t\t<\/div>\n\t\t\t\t<\/div>\n\t\t\t\t<div class=\"elementor-element elementor-element-ae4f8f9 elementor-widget elementor-widget-text-editor\" data-id=\"ae4f8f9\" data-element_type=\"widget\" data-e-type=\"widget\" data-widget_type=\"text-editor.default\">\n\t\t\t\t<div class=\"elementor-widget-container\">\n\t\t\t\t\t\t\t\t\t<p>When you first access our website, you will see a banner informing you about the use of cookies and providing you with the option to accept them or customize your settings. You can change your preferences at any time.<\/p>\n<p>Additionally, most browsers allow you to manage cookies through their settings. You can set your browser to reject cookies or notify you when they are sent. However, by disabling certain cookies, some website features may become unavailable or may not function properly.<\/p>\n<p>Here are links to the help pages of the most commonly used browsers to manage cookies:<\/p>\n<ul>\n<li><a href=\"https:\/\/support.google.com\/chrome\/answer\/95647?hl=es-es\">Google Chrome<\/a><\/li>\n<li><a href=\"https:\/\/support.mozilla.org\/es\/kb\/habilitar-y-deshabilitar-cookies-sitios-web-rastrear-preferencias\" target=\"_new\" rel=\"noopener\">Mozilla Firefox<\/a><\/li>\n<li><a href=\"https:\/\/support.microsoft.com\/es-es\/help\/4027947\/microsoft-edge-delete-cookies\" target=\"_new\" rel=\"noopener\">Microsoft Edge<\/a><\/li>\n<li><a href=\"https:\/\/support.apple.com\/es-es\/guide\/safari\/sfri11471\/mac\" target=\"_new\" rel=\"noopener\">Safari<\/a><\/li>\n<\/ul>\n\t\t\t\t\t\t\t\t<\/div>\n\t\t\t\t<\/div>\n\t\t\t\t<div class=\"elementor-element elementor-element-2772f9d elementor-widget elementor-widget-heading\" data-id=\"2772f9d\" data-element_type=\"widget\" data-e-type=\"widget\" data-widget_type=\"heading.default\">\n\t\t\t\t<div class=\"elementor-widget-container\">\n\t\t\t\t\t<h6 class=\"elementor-heading-title elementor-size-default\">Changes to the Cookie Policy\n<\/h6>\t\t\t\t<\/div>\n\t\t\t\t<\/div>\n\t\t\t\t<div class=\"elementor-element elementor-element-8c4e9db elementor-widget elementor-widget-text-editor\" data-id=\"8c4e9db\" data-element_type=\"widget\" data-e-type=\"widget\" data-widget_type=\"text-editor.default\">\n\t\t\t\t<div class=\"elementor-widget-container\">\n\t\t\t\t\t\t\t\t\t<p>We reserve the right to modify this Cookie Policy at any time. Modifications will be published on this page. We recommend that you check this page regularly to stay informed about any updates.<\/p>\n\t\t\t\t\t\t\t\t<\/div>\n\t\t\t\t<\/div>\n\t\t\t\t<div class=\"elementor-element elementor-element-b6049ac elementor-widget elementor-widget-heading\" data-id=\"b6049ac\" data-element_type=\"widget\" data-e-type=\"widget\" data-widget_type=\"heading.default\">\n\t\t\t\t<div class=\"elementor-widget-container\">\n\t\t\t\t\t<h6 class=\"elementor-heading-title elementor-size-default\">Contact\n<\/h6>\t\t\t\t<\/div>\n\t\t\t\t<\/div>\n\t\t\t\t<div class=\"elementor-element elementor-element-ae79e2e elementor-widget elementor-widget-text-editor\" data-id=\"ae79e2e\" data-element_type=\"widget\" data-e-type=\"widget\" data-widget_type=\"text-editor.default\">\n\t\t\t\t<div class=\"elementor-widget-container\">\n\t\t\t\t\t\t\t\t\t<p>If you have any questions about our Cookie Policy or how we use cookies on our website, please feel free to contact us at <a href=\"mailto:info@spanaturalcenter.com\">info@spanaturalcenter.com<\/a>.<\/p>\n<p><\/p>\n\t\t\t\t\t\t\t\t<\/div>\n\t\t\t\t<\/div>\n\t\t\t\t\t<\/div>\n\t\t<\/div>\n\t\t\t\t\t<\/div>\n\t\t<\/section>\n\t\t\t\t<\/div>\n\t\t","protected":false},"excerpt":{"rendered":"<p>Last updated: October 5, 2024 At Flavio Acu\u00f1a Spa Natural Center, S.R.L, (hereinafter referred to as \u201cthe Spa\u201d), we use cookies and similar technologies to enhance our users\u2019 experience on the website and ensure that services function efficiently. This Cookie Policy explains what cookies are, how we use them, and how you can manage them. [&hellip;]<\/p>\n","protected":false},"author":1,"featured_media":0,"parent":0,"menu_order":0,"comment_status":"closed","ping_status":"closed","template":"elementor-template.php","meta":{"_acf_changed":false,"inline_featured_image":false,"footnotes":""},"class_list":["post-9687","page","type-page","status-publish","hentry"],"acf":[],"yoast_head":"<!-- This site is optimized with the Yoast SEO plugin v27.5 - https:\/\/yoast.com\/product\/yoast-seo-wordpress\/ -->\n<title>Cookie Policy - Spa Natural Center by Flavio Acu\u00f1a<\/title>\n<meta name=\"description\" content=\"Check Spa Natural Center&#039;s Cookie Policy to learn how we use cookies and how you can manage them.\" \/>\n<meta name=\"robots\" content=\"index, follow, max-snippet:-1, max-image-preview:large, max-video-preview:-1\" \/>\n<link rel=\"canonical\" href=\"https:\/\/spanaturalcenter.com\/en\/cookie-policy\/\" \/>\n<meta property=\"og:locale\" content=\"en_US\" \/>\n<meta property=\"og:type\" content=\"article\" \/>\n<meta property=\"og:title\" content=\"Cookie Policy - Spa Natural Center by Flavio Acu\u00f1a\" \/>\n<meta property=\"og:description\" content=\"Check Spa Natural Center&#039;s Cookie Policy to learn how we use cookies and how you can manage them.\" \/>\n<meta property=\"og:url\" content=\"https:\/\/spanaturalcenter.com\/en\/cookie-policy\/\" \/>\n<meta property=\"og:site_name\" content=\"Spa Natural Center by Flavio Acu\u00f1a\" \/>\n<meta property=\"article:publisher\" content=\"https:\/\/www.facebook.com\/NaturalCenterSpa\" \/>\n<meta property=\"article:modified_time\" content=\"2024-11-24T22:23:41+00:00\" \/>\n<meta name=\"twitter:card\" content=\"summary_large_image\" \/>\n<meta name=\"twitter:label1\" content=\"Est. reading time\" \/>\n\t<meta name=\"twitter:data1\" content=\"3 minutes\" \/>\n<script type=\"application\/ld+json\" class=\"yoast-schema-graph\">{\"@context\":\"https:\\\/\\\/schema.org\",\"@graph\":[{\"@type\":\"WebPage\",\"@id\":\"https:\\\/\\\/spanaturalcenter.com\\\/en\\\/cookie-policy\\\/\",\"url\":\"https:\\\/\\\/spanaturalcenter.com\\\/en\\\/cookie-policy\\\/\",\"name\":\"Cookie Policy - Spa Natural Center by Flavio Acu\u00f1a\",\"isPartOf\":{\"@id\":\"https:\\\/\\\/spanaturalcenter.com\\\/en\\\/#website\"},\"datePublished\":\"2024-10-09T23:03:39+00:00\",\"dateModified\":\"2024-11-24T22:23:41+00:00\",\"description\":\"Check Spa Natural Center's Cookie Policy to learn how we use cookies and how you can manage them.\",\"breadcrumb\":{\"@id\":\"https:\\\/\\\/spanaturalcenter.com\\\/en\\\/cookie-policy\\\/#breadcrumb\"},\"inLanguage\":\"en-US\",\"potentialAction\":[{\"@type\":\"ReadAction\",\"target\":[\"https:\\\/\\\/spanaturalcenter.com\\\/en\\\/cookie-policy\\\/\"]}]},{\"@type\":\"BreadcrumbList\",\"@id\":\"https:\\\/\\\/spanaturalcenter.com\\\/en\\\/cookie-policy\\\/#breadcrumb\",\"itemListElement\":[{\"@type\":\"ListItem\",\"position\":1,\"name\":\"Home\",\"item\":\"https:\\\/\\\/spanaturalcenter.com\\\/en\\\/homepage\\\/\"},{\"@type\":\"ListItem\",\"position\":2,\"name\":\"Cookie Policy\"}]},{\"@type\":\"WebSite\",\"@id\":\"https:\\\/\\\/spanaturalcenter.com\\\/en\\\/#website\",\"url\":\"https:\\\/\\\/spanaturalcenter.com\\\/en\\\/\",\"name\":\"Spa Natural Center Punta Cana by Flavio Acuna\",\"description\":\"Disfruta de una experiencia \u00fanica en Spa Natural Center by Flavio Acu\u00f1a en la espectacular Bavaro Beach, Punta Cana. Rel\u00e1jate con nuestros tratamientos exclusivos de bienestar.\",\"publisher\":{\"@id\":\"https:\\\/\\\/spanaturalcenter.com\\\/en\\\/#organization\"},\"potentialAction\":[{\"@type\":\"SearchAction\",\"target\":{\"@type\":\"EntryPoint\",\"urlTemplate\":\"https:\\\/\\\/spanaturalcenter.com\\\/en\\\/?s={search_term_string}\"},\"query-input\":{\"@type\":\"PropertyValueSpecification\",\"valueRequired\":true,\"valueName\":\"search_term_string\"}}],\"inLanguage\":\"en-US\"},{\"@type\":\"Organization\",\"@id\":\"https:\\\/\\\/spanaturalcenter.com\\\/en\\\/#organization\",\"name\":\"Spa Natural Center Punta Cana by Flavio Acuna\",\"url\":\"https:\\\/\\\/spanaturalcenter.com\\\/en\\\/\",\"logo\":{\"@type\":\"ImageObject\",\"inLanguage\":\"en-US\",\"@id\":\"https:\\\/\\\/spanaturalcenter.com\\\/en\\\/#\\\/schema\\\/logo\\\/image\\\/\",\"url\":\"https:\\\/\\\/spanaturalcenter.com\\\/wp-content\\\/uploads\\\/2024\\\/10\\\/cropped-Untitled-design24.png\",\"contentUrl\":\"https:\\\/\\\/spanaturalcenter.com\\\/wp-content\\\/uploads\\\/2024\\\/10\\\/cropped-Untitled-design24.png\",\"width\":512,\"height\":512,\"caption\":\"Spa Natural Center Punta Cana by Flavio Acuna\"},\"image\":{\"@id\":\"https:\\\/\\\/spanaturalcenter.com\\\/en\\\/#\\\/schema\\\/logo\\\/image\\\/\"},\"sameAs\":[\"https:\\\/\\\/www.facebook.com\\\/NaturalCenterSpa\",\"https:\\\/\\\/www.instagram.com\\\/spa.naturalcenter\\\/\"]}]}<\/script>\n<!-- \/ Yoast SEO plugin. -->","yoast_head_json":{"title":"Cookie Policy - Spa Natural Center by Flavio Acu\u00f1a","description":"Check Spa Natural Center's Cookie Policy to learn how we use cookies and how you can manage them.","robots":{"index":"index","follow":"follow","max-snippet":"max-snippet:-1","max-image-preview":"max-image-preview:large","max-video-preview":"max-video-preview:-1"},"canonical":"https:\/\/spanaturalcenter.com\/en\/cookie-policy\/","og_locale":"en_US","og_type":"article","og_title":"Cookie Policy - Spa Natural Center by Flavio Acu\u00f1a","og_description":"Check Spa Natural Center's Cookie Policy to learn how we use cookies and how you can manage them.","og_url":"https:\/\/spanaturalcenter.com\/en\/cookie-policy\/","og_site_name":"Spa Natural Center by Flavio Acu\u00f1a","article_publisher":"https:\/\/www.facebook.com\/NaturalCenterSpa","article_modified_time":"2024-11-24T22:23:41+00:00","twitter_card":"summary_large_image","twitter_misc":{"Est. reading time":"3 minutes"},"schema":{"@context":"https:\/\/schema.org","@graph":[{"@type":"WebPage","@id":"https:\/\/spanaturalcenter.com\/en\/cookie-policy\/","url":"https:\/\/spanaturalcenter.com\/en\/cookie-policy\/","name":"Cookie Policy - Spa Natural Center by Flavio Acu\u00f1a","isPartOf":{"@id":"https:\/\/spanaturalcenter.com\/en\/#website"},"datePublished":"2024-10-09T23:03:39+00:00","dateModified":"2024-11-24T22:23:41+00:00","description":"Check Spa Natural Center's Cookie Policy to learn how we use cookies and how you can manage them.","breadcrumb":{"@id":"https:\/\/spanaturalcenter.com\/en\/cookie-policy\/#breadcrumb"},"inLanguage":"en-US","potentialAction":[{"@type":"ReadAction","target":["https:\/\/spanaturalcenter.com\/en\/cookie-policy\/"]}]},{"@type":"BreadcrumbList","@id":"https:\/\/spanaturalcenter.com\/en\/cookie-policy\/#breadcrumb","itemListElement":[{"@type":"ListItem","position":1,"name":"Home","item":"https:\/\/spanaturalcenter.com\/en\/homepage\/"},{"@type":"ListItem","position":2,"name":"Cookie Policy"}]},{"@type":"WebSite","@id":"https:\/\/spanaturalcenter.com\/en\/#website","url":"https:\/\/spanaturalcenter.com\/en\/","name":"Spa Natural Center Punta Cana by Flavio Acuna","description":"Disfruta de una experiencia \u00fanica en Spa Natural Center by Flavio Acu\u00f1a en la espectacular Bavaro Beach, Punta Cana. Rel\u00e1jate con nuestros tratamientos exclusivos de bienestar.","publisher":{"@id":"https:\/\/spanaturalcenter.com\/en\/#organization"},"potentialAction":[{"@type":"SearchAction","target":{"@type":"EntryPoint","urlTemplate":"https:\/\/spanaturalcenter.com\/en\/?s={search_term_string}"},"query-input":{"@type":"PropertyValueSpecification","valueRequired":true,"valueName":"search_term_string"}}],"inLanguage":"en-US"},{"@type":"Organization","@id":"https:\/\/spanaturalcenter.com\/en\/#organization","name":"Spa Natural Center Punta Cana by Flavio Acuna","url":"https:\/\/spanaturalcenter.com\/en\/","logo":{"@type":"ImageObject","inLanguage":"en-US","@id":"https:\/\/spanaturalcenter.com\/en\/#\/schema\/logo\/image\/","url":"https:\/\/spanaturalcenter.com\/wp-content\/uploads\/2024\/10\/cropped-Untitled-design24.png","contentUrl":"https:\/\/spanaturalcenter.com\/wp-content\/uploads\/2024\/10\/cropped-Untitled-design24.png","width":512,"height":512,"caption":"Spa Natural Center Punta Cana by Flavio Acuna"},"image":{"@id":"https:\/\/spanaturalcenter.com\/en\/#\/schema\/logo\/image\/"},"sameAs":["https:\/\/www.facebook.com\/NaturalCenterSpa","https:\/\/www.instagram.com\/spa.naturalcenter\/"]}]}},"_links":{"self":[{"href":"https:\/\/spanaturalcenter.com\/en\/wp-json\/wp\/v2\/pages\/9687","targetHints":{"allow":["GET"]}}],"collection":[{"href":"https:\/\/spanaturalcenter.com\/en\/wp-json\/wp\/v2\/pages"}],"about":[{"href":"https:\/\/spanaturalcenter.com\/en\/wp-json\/wp\/v2\/types\/page"}],"author":[{"embeddable":true,"href":"https:\/\/spanaturalcenter.com\/en\/wp-json\/wp\/v2\/users\/1"}],"replies":[{"embeddable":true,"href":"https:\/\/spanaturalcenter.com\/en\/wp-json\/wp\/v2\/comments?post=9687"}],"version-history":[{"count":15,"href":"https:\/\/spanaturalcenter.com\/en\/wp-json\/wp\/v2\/pages\/9687\/revisions"}],"predecessor-version":[{"id":9875,"href":"https:\/\/spanaturalcenter.com\/en\/wp-json\/wp\/v2\/pages\/9687\/revisions\/9875"}],"wp:attachment":[{"href":"https:\/\/spanaturalcenter.com\/en\/wp-json\/wp\/v2\/media?parent=9687"}],"curies":[{"name":"wp","href":"https:\/\/api.w.org\/{rel}","templated":true}]}}