{"id":9758,"date":"2024-10-15T19:35:35","date_gmt":"2024-10-15T23:35:35","guid":{"rendered":"https:\/\/spanaturalcenter.com\/service-policy\/"},"modified":"2025-03-18T19:25:13","modified_gmt":"2025-03-18T23:25:13","slug":"service-policy","status":"publish","type":"page","link":"https:\/\/spanaturalcenter.com\/en\/service-policy\/","title":{"rendered":"Service Policy"},"content":{"rendered":"\t\t<div data-elementor-type=\"wp-page\" data-elementor-id=\"9758\" class=\"elementor elementor-9758 elementor-4567\">\n\t\t\t\t\t\t<section class=\"elementor-section elementor-top-section elementor-element elementor-element-78262ab elementor-section-full_width elementor-section-height-default elementor-section-height-default\" data-id=\"78262ab\" data-element_type=\"section\" data-e-type=\"section\">\n\t\t\t\t\t\t<div class=\"elementor-container elementor-column-gap-default\">\n\t\t\t\t\t<div class=\"elementor-column elementor-col-100 elementor-top-column elementor-element elementor-element-4d536b2\" data-id=\"4d536b2\" data-element_type=\"column\" data-e-type=\"column\">\n\t\t\t<div class=\"elementor-widget-wrap elementor-element-populated\">\n\t\t\t\t\t\t<div class=\"elementor-element elementor-element-6d47e0b elementor-widget elementor-widget-art-ordinary-page-header\" data-id=\"6d47e0b\" data-element_type=\"widget\" data-e-type=\"widget\" data-widget_type=\"art-ordinary-page-header.default\">\n\t\t\t\t<div class=\"elementor-widget-container\">\n\t\t\t\t\t\r\n\t\t<div class=\"art-ordinary-page-header\" style=\"background-image:url(https:\/\/spanaturalcenter.com\/wp-content\/uploads\/2024\/10\/Spa-Wellness-Masage.png)\">\r\n\r\n\t\t\t<div class=\"container\">\r\n\r\n\t\t\t\t<div class=\"art-ordinary-page-data\" style=\"text-align:center\">\r\n\r\n\t\t\t\t\t<h1 class=\"art-page-header-title\">Service Policy<\/h1>\r\n\r\n                                            <div class=\"art-page-header-description\">\r\n                            <p>Rules on reservations, cancellations, refunds, and payment terms for services at Spa Natural Center and home services<\/p>                        <\/div>\r\n                    \r\n\t\t\t\t<\/div>\r\n\r\n\t\t\t<\/div>\r\n\r\n\t\t<\/div>\r\n\r\n\t\t\t\t\t\t<\/div>\n\t\t\t\t<\/div>\n\t\t\t\t\t<\/div>\n\t\t<\/div>\n\t\t\t\t\t<\/div>\n\t\t<\/section>\n\t\t\t\t<section class=\"elementor-section elementor-top-section elementor-element elementor-element-6115c51 elementor-section-boxed elementor-section-height-default elementor-section-height-default\" data-id=\"6115c51\" data-element_type=\"section\" data-e-type=\"section\">\n\t\t\t\t\t\t<div class=\"elementor-container elementor-column-gap-default\">\n\t\t\t\t\t<div class=\"elementor-column elementor-col-100 elementor-top-column elementor-element elementor-element-b02432a\" data-id=\"b02432a\" data-element_type=\"column\" data-e-type=\"column\">\n\t\t\t<div class=\"elementor-widget-wrap elementor-element-populated\">\n\t\t\t\t\t\t<div class=\"elementor-element elementor-element-b9ed0ed elementor-widget elementor-widget-heading\" data-id=\"b9ed0ed\" data-element_type=\"widget\" data-e-type=\"widget\" data-widget_type=\"heading.default\">\n\t\t\t\t<div class=\"elementor-widget-container\">\n\t\t\t\t\t<h6 class=\"elementor-heading-title elementor-size-default\">Date of last update: March 18, 2025\n<\/h6>\t\t\t\t<\/div>\n\t\t\t\t<\/div>\n\t\t\t\t<div class=\"elementor-element elementor-element-440e6a9 elementor-widget elementor-widget-text-editor\" data-id=\"440e6a9\" data-element_type=\"widget\" data-e-type=\"widget\" data-widget_type=\"text-editor.default\">\n\t\t\t\t<div class=\"elementor-widget-container\">\n\t\t\t\t\t\t\t\t\t<p>At Flavio Acu\u00f1a Spa Natural Center, S.R.L., we offer services both at our facilities and at home in the areas of Bavaro, Punta Cana, Cap Cana and Casa de Campo. Below, we detail our policies related to the management of reservations, cancellations, refunds and payment conditions, both for services at the spa and at home. <\/p>\n\t\t\t\t\t\t\t\t<\/div>\n\t\t\t\t<\/div>\n\t\t\t\t<div class=\"elementor-element elementor-element-5cac1f6 elementor-widget elementor-widget-heading\" data-id=\"5cac1f6\" data-element_type=\"widget\" data-e-type=\"widget\" data-widget_type=\"heading.default\">\n\t\t\t\t<div class=\"elementor-widget-container\">\n\t\t\t\t\t<h6 class=\"elementor-heading-title elementor-size-default\">Reservation Policy\n<\/h6>\t\t\t\t<\/div>\n\t\t\t\t<\/div>\n\t\t\t\t<div class=\"elementor-element elementor-element-1d73ed0 elementor-widget elementor-widget-text-editor\" data-id=\"1d73ed0\" data-element_type=\"widget\" data-e-type=\"widget\" data-widget_type=\"text-editor.default\">\n\t\t\t\t<div class=\"elementor-widget-container\">\n\t\t\t\t\t\t\t\t\t<ul><li><strong>Advance booking<\/strong>: All reservations must be made in advance through our website, by phone, WhatsApp or directly at our facilities.<\/li><li><strong>Availability<\/strong>: Reservations are subject to availability of times and treatments. To guarantee the reservation, full payment of the service is required.<\/li><li><strong>Confirmation<\/strong>: Once you have made your reservation, you will receive a confirmation email with all the details. Please review the information carefully to avoid errors.<\/li><li><b>Special Policy for \u201cMassage Under the Moonlight:<\/b> Due to the special setup and preparation required, reservations for the <em data-start=\"359\" data-end=\"388\">Massage Under the Moonlight<\/em> experience <strong data-start=\"400\" data-end=\"445\">must be made at least 24 hours in advance<\/strong> to ensure availability and proper arrangements. This service is subject to weather conditions. In case of bad weather, the service may be rescheduled or refunded according to our refund policy.<\/li><li><strong>Home services<\/strong>:<ul><li>Home services require a <strong>minimum reservation of 4 people<\/strong> or <strong>4 treatments<\/strong>.<\/li><li>Detailed information on the location where the service will be provided is required.<\/li><li>We reserve the right to refuse the reservation if the space does not meet the minimum necessary conditions.<\/li><li>If the agreed time is not respected, a <strong>double charge<\/strong> will be applied due to the inconvenience caused.<\/li><li>No service is provided in hotels due to the restrictions of these establishments.<\/li><\/ul><\/li><\/ul><div>\u00a0<\/div><div>\u00a0<\/div>\t\t\t\t\t\t\t\t<\/div>\n\t\t\t\t<\/div>\n\t\t\t\t<div class=\"elementor-element elementor-element-6e47197 elementor-widget elementor-widget-heading\" data-id=\"6e47197\" data-element_type=\"widget\" data-e-type=\"widget\" data-widget_type=\"heading.default\">\n\t\t\t\t<div class=\"elementor-widget-container\">\n\t\t\t\t\t<h6 class=\"elementor-heading-title elementor-size-default\">Cancellation Policy\n<\/h6>\t\t\t\t<\/div>\n\t\t\t\t<\/div>\n\t\t\t\t<div class=\"elementor-element elementor-element-ecfbd10 elementor-widget elementor-widget-text-editor\" data-id=\"ecfbd10\" data-element_type=\"widget\" data-e-type=\"widget\" data-widget_type=\"text-editor.default\">\n\t\t\t\t<div class=\"elementor-widget-container\">\n\t\t\t\t\t\t\t\t\t<ul>\n<li>Cancellations<strong> in advance<\/strong>: Cancellations must be made at least <b>24 hours in advance to<\/b> avoid charges.<\/li>\n<li><strong>Late cancellations<\/strong>: Cancellations made with less than 24 hours notice will be subject to a <b>100%<\/b> charge of the booked service.<\/li>\n<li><strong>No show<\/strong>: In case of no-show, either for a service at the spa or at home, you will be charged <strong>100%<\/strong> of the booked service.<\/li>\n<\/ul>\n\t\t\t\t\t\t\t\t<\/div>\n\t\t\t\t<\/div>\n\t\t\t\t<div class=\"elementor-element elementor-element-023ec52 elementor-widget elementor-widget-heading\" data-id=\"023ec52\" data-element_type=\"widget\" data-e-type=\"widget\" data-widget_type=\"heading.default\">\n\t\t\t\t<div class=\"elementor-widget-container\">\n\t\t\t\t\t<h6 class=\"elementor-heading-title elementor-size-default\">Return Policy<\/h6>\t\t\t\t<\/div>\n\t\t\t\t<\/div>\n\t\t\t\t<div class=\"elementor-element elementor-element-1b18fc1 elementor-widget elementor-widget-text-editor\" data-id=\"1b18fc1\" data-element_type=\"widget\" data-e-type=\"widget\" data-widget_type=\"text-editor.default\">\n\t\t\t\t<div class=\"elementor-widget-container\">\n\t\t\t\t\t\t\t\t\t<ul>\n<li><strong>Cancellations within the allowed period<\/strong>:\n<ul>\n<li>If you cancel your reservation within the established period, the full amount will be refunded by the same method of payment used.<\/li>\n<li>It may take up to <strong>3 business days<\/strong> for the refund to be reflected in your account.<\/li>\n<\/ul>\n<\/li>\n<li><strong>Unsatisfactory services<\/strong>:\n<ul>\n<li>In case of justified dissatisfaction, the option of rescheduling the service or a partial or total refund will be offered, depending on the case evaluated.<\/li>\n<\/ul>\n<\/li>\n<\/ul>\n\t\t\t\t\t\t\t\t<\/div>\n\t\t\t\t<\/div>\n\t\t\t\t<div class=\"elementor-element elementor-element-a33b22c elementor-widget elementor-widget-heading\" data-id=\"a33b22c\" data-element_type=\"widget\" data-e-type=\"widget\" data-widget_type=\"heading.default\">\n\t\t\t\t<div class=\"elementor-widget-container\">\n\t\t\t\t\t<h6 class=\"elementor-heading-title elementor-size-default\">Terms of Payment\n\n\n<\/h6>\t\t\t\t<\/div>\n\t\t\t\t<\/div>\n\t\t\t\t<div class=\"elementor-element elementor-element-ae4f8f9 elementor-widget elementor-widget-text-editor\" data-id=\"ae4f8f9\" data-element_type=\"widget\" data-e-type=\"widget\" data-widget_type=\"text-editor.default\">\n\t\t\t\t<div class=\"elementor-widget-container\">\n\t\t\t\t\t\t\t\t\t<ul>\n<li><strong>Prepayment<\/strong>: Payment for services must be made in full at the time of booking, both for in-spa and in-home services.<\/li>\n<li><strong>Payment methods<\/strong>: We accept credit and debit cards, bank transfers and cash at our facilities. If you book online, you can pay through our secure payment system. <\/li>\n<li><strong>Non-refundable payments<\/strong>: Prepayments are final, except in the cases mentioned in our refund policy.<\/li>\n<li><strong>Currency: <\/strong>All prices shown on this page are expressed and processed exclusively in <strong>U.S. dollars (USD).<\/strong><\/li>\n<\/ul>\n\t\t\t\t\t\t\t\t<\/div>\n\t\t\t\t<\/div>\n\t\t\t\t<div class=\"elementor-element elementor-element-2772f9d elementor-widget elementor-widget-heading\" data-id=\"2772f9d\" data-element_type=\"widget\" data-e-type=\"widget\" data-widget_type=\"heading.default\">\n\t\t\t\t<div class=\"elementor-widget-container\">\n\t\t\t\t\t<h6 class=\"elementor-heading-title elementor-size-default\">Home Services Policy<\/h6>\t\t\t\t<\/div>\n\t\t\t\t<\/div>\n\t\t\t\t<div class=\"elementor-element elementor-element-8c4e9db elementor-widget elementor-widget-text-editor\" data-id=\"8c4e9db\" data-element_type=\"widget\" data-e-type=\"widget\" data-widget_type=\"text-editor.default\">\n\t\t\t\t<div class=\"elementor-widget-container\">\n\t\t\t\t\t\t\t\t\t<ul><li><strong>Minimum reservation:<\/strong> Home services require a <strong>minimum reservation of 4 people<\/strong> or <strong>4 treatments<\/strong>.<\/li><li><strong>Space conditions<\/strong>: To ensure optimal service, the client must provide an adequate space at home (sufficient space, privacy and hygiene). If the location is not adequate, the therapist has the right to cancel the session on site, with the corresponding charges being applied.<\/li><li><strong>Spa equipment<\/strong>: We take care of bringing the necessary equipment (such as stretchers, chairs and other accessories) for the treatment, so it is not necessary for the client to provide this material.<\/li><li><strong>Displacements<\/strong>: Home services are available in the areas of Bavaro, Punta Cana, Cap Cana and Casa de Campo. For services outside these areas, an additional travel charge will be applied, which will be previously informed.<\/li><li><strong>Services in hotels<\/strong>: We do not offer home delivery services in hotels due to the restrictions established by the hotels.<\/li><\/ul>\t\t\t\t\t\t\t\t<\/div>\n\t\t\t\t<\/div>\n\t\t\t\t<div class=\"elementor-element elementor-element-b6049ac elementor-widget elementor-widget-heading\" data-id=\"b6049ac\" data-element_type=\"widget\" data-e-type=\"widget\" data-widget_type=\"heading.default\">\n\t\t\t\t<div class=\"elementor-widget-container\">\n\t\t\t\t\t<h6 class=\"elementor-heading-title elementor-size-default\">Modifications and Changes<\/h6>\t\t\t\t<\/div>\n\t\t\t\t<\/div>\n\t\t\t\t<div class=\"elementor-element elementor-element-d76845d elementor-widget elementor-widget-text-editor\" data-id=\"d76845d\" data-element_type=\"widget\" data-e-type=\"widget\" data-widget_type=\"text-editor.default\">\n\t\t\t\t<div class=\"elementor-widget-container\">\n\t\t\t\t\t\t\t\t\tWe reserve the right to modify these policies at any time. Any changes will be reflected on this page, and we encourage you to check this page periodically for updates. \n\t\t\t\t\t\t\t\t<\/div>\n\t\t\t\t<\/div>\n\t\t\t\t\t<\/div>\n\t\t<\/div>\n\t\t\t\t\t<\/div>\n\t\t<\/section>\n\t\t\t\t<\/div>\n\t\t","protected":false},"excerpt":{"rendered":"<p>Date of last update: March 18, 2025 At Flavio Acu\u00f1a Spa Natural Center, S.R.L., we offer services both at our facilities and at home in the areas of Bavaro, Punta Cana, Cap Cana and Casa de Campo. Below, we detail our policies related to the management of reservations, cancellations, refunds and payment conditions, both for [&hellip;]<\/p>\n","protected":false},"author":1,"featured_media":0,"parent":0,"menu_order":0,"comment_status":"closed","ping_status":"closed","template":"elementor-template.php","meta":{"_acf_changed":false,"inline_featured_image":false,"footnotes":""},"class_list":["post-9758","page","type-page","status-publish","hentry"],"acf":[],"yoast_head":"<!-- This site is optimized with the Yoast SEO plugin v27.5 - https:\/\/yoast.com\/product\/yoast-seo-wordpress\/ -->\n<title>Service Policy - Spa Natural Center by Flavio Acu\u00f1a<\/title>\n<meta name=\"description\" content=\"Consult Spa Natural Center&#039;s Service Policy for reservation, cancellation, refund and payment conditions.\" \/>\n<meta name=\"robots\" content=\"index, follow, max-snippet:-1, max-image-preview:large, max-video-preview:-1\" \/>\n<link rel=\"canonical\" href=\"https:\/\/spanaturalcenter.com\/en\/service-policy\/\" \/>\n<meta property=\"og:locale\" content=\"en_US\" \/>\n<meta property=\"og:type\" content=\"article\" \/>\n<meta property=\"og:title\" content=\"Service Policy - Spa Natural Center by Flavio Acu\u00f1a\" \/>\n<meta property=\"og:description\" content=\"Consult Spa Natural Center&#039;s Service Policy for reservation, cancellation, refund and payment conditions.\" \/>\n<meta property=\"og:url\" content=\"https:\/\/spanaturalcenter.com\/en\/service-policy\/\" \/>\n<meta property=\"og:site_name\" content=\"Spa Natural Center by Flavio Acu\u00f1a\" \/>\n<meta property=\"article:publisher\" content=\"https:\/\/www.facebook.com\/NaturalCenterSpa\" \/>\n<meta property=\"article:modified_time\" content=\"2025-03-18T23:25:13+00:00\" \/>\n<meta name=\"twitter:card\" content=\"summary_large_image\" \/>\n<meta name=\"twitter:label1\" content=\"Est. reading time\" \/>\n\t<meta name=\"twitter:data1\" content=\"3 minutes\" \/>\n<script type=\"application\/ld+json\" class=\"yoast-schema-graph\">{\"@context\":\"https:\\\/\\\/schema.org\",\"@graph\":[{\"@type\":\"WebPage\",\"@id\":\"https:\\\/\\\/spanaturalcenter.com\\\/en\\\/service-policy\\\/\",\"url\":\"https:\\\/\\\/spanaturalcenter.com\\\/en\\\/service-policy\\\/\",\"name\":\"Service Policy - Spa Natural Center by Flavio Acu\u00f1a\",\"isPartOf\":{\"@id\":\"https:\\\/\\\/spanaturalcenter.com\\\/en\\\/#website\"},\"datePublished\":\"2024-10-15T23:35:35+00:00\",\"dateModified\":\"2025-03-18T23:25:13+00:00\",\"description\":\"Consult Spa Natural Center's Service Policy for reservation, cancellation, refund and payment conditions.\",\"breadcrumb\":{\"@id\":\"https:\\\/\\\/spanaturalcenter.com\\\/en\\\/service-policy\\\/#breadcrumb\"},\"inLanguage\":\"en-US\",\"potentialAction\":[{\"@type\":\"ReadAction\",\"target\":[\"https:\\\/\\\/spanaturalcenter.com\\\/en\\\/service-policy\\\/\"]}]},{\"@type\":\"BreadcrumbList\",\"@id\":\"https:\\\/\\\/spanaturalcenter.com\\\/en\\\/service-policy\\\/#breadcrumb\",\"itemListElement\":[{\"@type\":\"ListItem\",\"position\":1,\"name\":\"Home\",\"item\":\"https:\\\/\\\/spanaturalcenter.com\\\/en\\\/homepage\\\/\"},{\"@type\":\"ListItem\",\"position\":2,\"name\":\"Service Policy\"}]},{\"@type\":\"WebSite\",\"@id\":\"https:\\\/\\\/spanaturalcenter.com\\\/en\\\/#website\",\"url\":\"https:\\\/\\\/spanaturalcenter.com\\\/en\\\/\",\"name\":\"Spa Natural Center Punta Cana by Flavio Acuna\",\"description\":\"Disfruta de una experiencia \u00fanica en Spa Natural Center by Flavio Acu\u00f1a en la espectacular Bavaro Beach, Punta Cana. Rel\u00e1jate con nuestros tratamientos exclusivos de bienestar.\",\"publisher\":{\"@id\":\"https:\\\/\\\/spanaturalcenter.com\\\/en\\\/#organization\"},\"potentialAction\":[{\"@type\":\"SearchAction\",\"target\":{\"@type\":\"EntryPoint\",\"urlTemplate\":\"https:\\\/\\\/spanaturalcenter.com\\\/en\\\/?s={search_term_string}\"},\"query-input\":{\"@type\":\"PropertyValueSpecification\",\"valueRequired\":true,\"valueName\":\"search_term_string\"}}],\"inLanguage\":\"en-US\"},{\"@type\":\"Organization\",\"@id\":\"https:\\\/\\\/spanaturalcenter.com\\\/en\\\/#organization\",\"name\":\"Spa Natural Center Punta Cana by Flavio Acuna\",\"url\":\"https:\\\/\\\/spanaturalcenter.com\\\/en\\\/\",\"logo\":{\"@type\":\"ImageObject\",\"inLanguage\":\"en-US\",\"@id\":\"https:\\\/\\\/spanaturalcenter.com\\\/en\\\/#\\\/schema\\\/logo\\\/image\\\/\",\"url\":\"https:\\\/\\\/spanaturalcenter.com\\\/wp-content\\\/uploads\\\/2024\\\/10\\\/cropped-Untitled-design24.png\",\"contentUrl\":\"https:\\\/\\\/spanaturalcenter.com\\\/wp-content\\\/uploads\\\/2024\\\/10\\\/cropped-Untitled-design24.png\",\"width\":512,\"height\":512,\"caption\":\"Spa Natural Center Punta Cana by Flavio Acuna\"},\"image\":{\"@id\":\"https:\\\/\\\/spanaturalcenter.com\\\/en\\\/#\\\/schema\\\/logo\\\/image\\\/\"},\"sameAs\":[\"https:\\\/\\\/www.facebook.com\\\/NaturalCenterSpa\",\"https:\\\/\\\/www.instagram.com\\\/spa.naturalcenter\\\/\"]}]}<\/script>\n<!-- \/ Yoast SEO plugin. -->","yoast_head_json":{"title":"Service Policy - Spa Natural Center by Flavio Acu\u00f1a","description":"Consult Spa Natural Center's Service Policy for reservation, cancellation, refund and payment conditions.","robots":{"index":"index","follow":"follow","max-snippet":"max-snippet:-1","max-image-preview":"max-image-preview:large","max-video-preview":"max-video-preview:-1"},"canonical":"https:\/\/spanaturalcenter.com\/en\/service-policy\/","og_locale":"en_US","og_type":"article","og_title":"Service Policy - Spa Natural Center by Flavio Acu\u00f1a","og_description":"Consult Spa Natural Center's Service Policy for reservation, cancellation, refund and payment conditions.","og_url":"https:\/\/spanaturalcenter.com\/en\/service-policy\/","og_site_name":"Spa Natural Center by Flavio Acu\u00f1a","article_publisher":"https:\/\/www.facebook.com\/NaturalCenterSpa","article_modified_time":"2025-03-18T23:25:13+00:00","twitter_card":"summary_large_image","twitter_misc":{"Est. reading time":"3 minutes"},"schema":{"@context":"https:\/\/schema.org","@graph":[{"@type":"WebPage","@id":"https:\/\/spanaturalcenter.com\/en\/service-policy\/","url":"https:\/\/spanaturalcenter.com\/en\/service-policy\/","name":"Service Policy - Spa Natural Center by Flavio Acu\u00f1a","isPartOf":{"@id":"https:\/\/spanaturalcenter.com\/en\/#website"},"datePublished":"2024-10-15T23:35:35+00:00","dateModified":"2025-03-18T23:25:13+00:00","description":"Consult Spa Natural Center's Service Policy for reservation, cancellation, refund and payment conditions.","breadcrumb":{"@id":"https:\/\/spanaturalcenter.com\/en\/service-policy\/#breadcrumb"},"inLanguage":"en-US","potentialAction":[{"@type":"ReadAction","target":["https:\/\/spanaturalcenter.com\/en\/service-policy\/"]}]},{"@type":"BreadcrumbList","@id":"https:\/\/spanaturalcenter.com\/en\/service-policy\/#breadcrumb","itemListElement":[{"@type":"ListItem","position":1,"name":"Home","item":"https:\/\/spanaturalcenter.com\/en\/homepage\/"},{"@type":"ListItem","position":2,"name":"Service Policy"}]},{"@type":"WebSite","@id":"https:\/\/spanaturalcenter.com\/en\/#website","url":"https:\/\/spanaturalcenter.com\/en\/","name":"Spa Natural Center Punta Cana by Flavio Acuna","description":"Disfruta de una experiencia \u00fanica en Spa Natural Center by Flavio Acu\u00f1a en la espectacular Bavaro Beach, Punta Cana. Rel\u00e1jate con nuestros tratamientos exclusivos de bienestar.","publisher":{"@id":"https:\/\/spanaturalcenter.com\/en\/#organization"},"potentialAction":[{"@type":"SearchAction","target":{"@type":"EntryPoint","urlTemplate":"https:\/\/spanaturalcenter.com\/en\/?s={search_term_string}"},"query-input":{"@type":"PropertyValueSpecification","valueRequired":true,"valueName":"search_term_string"}}],"inLanguage":"en-US"},{"@type":"Organization","@id":"https:\/\/spanaturalcenter.com\/en\/#organization","name":"Spa Natural Center Punta Cana by Flavio Acuna","url":"https:\/\/spanaturalcenter.com\/en\/","logo":{"@type":"ImageObject","inLanguage":"en-US","@id":"https:\/\/spanaturalcenter.com\/en\/#\/schema\/logo\/image\/","url":"https:\/\/spanaturalcenter.com\/wp-content\/uploads\/2024\/10\/cropped-Untitled-design24.png","contentUrl":"https:\/\/spanaturalcenter.com\/wp-content\/uploads\/2024\/10\/cropped-Untitled-design24.png","width":512,"height":512,"caption":"Spa Natural Center Punta Cana by Flavio Acuna"},"image":{"@id":"https:\/\/spanaturalcenter.com\/en\/#\/schema\/logo\/image\/"},"sameAs":["https:\/\/www.facebook.com\/NaturalCenterSpa","https:\/\/www.instagram.com\/spa.naturalcenter\/"]}]}},"_links":{"self":[{"href":"https:\/\/spanaturalcenter.com\/en\/wp-json\/wp\/v2\/pages\/9758","targetHints":{"allow":["GET"]}}],"collection":[{"href":"https:\/\/spanaturalcenter.com\/en\/wp-json\/wp\/v2\/pages"}],"about":[{"href":"https:\/\/spanaturalcenter.com\/en\/wp-json\/wp\/v2\/types\/page"}],"author":[{"embeddable":true,"href":"https:\/\/spanaturalcenter.com\/en\/wp-json\/wp\/v2\/users\/1"}],"replies":[{"embeddable":true,"href":"https:\/\/spanaturalcenter.com\/en\/wp-json\/wp\/v2\/comments?post=9758"}],"version-history":[{"count":16,"href":"https:\/\/spanaturalcenter.com\/en\/wp-json\/wp\/v2\/pages\/9758\/revisions"}],"predecessor-version":[{"id":10946,"href":"https:\/\/spanaturalcenter.com\/en\/wp-json\/wp\/v2\/pages\/9758\/revisions\/10946"}],"wp:attachment":[{"href":"https:\/\/spanaturalcenter.com\/en\/wp-json\/wp\/v2\/media?parent=9758"}],"curies":[{"name":"wp","href":"https:\/\/api.w.org\/{rel}","templated":true}]}}